{"id":459,"date":"2023-07-25T21:53:48","date_gmt":"2023-07-25T21:53:48","guid":{"rendered":"https:\/\/www.artearrebol.com\/?page_id=459"},"modified":"2024-09-10T18:41:07","modified_gmt":"2024-09-10T18:41:07","slug":"clases-a-medida","status":"publish","type":"page","link":"https:\/\/www.artearrebol.com\/index.php\/clases-a-medida\/","title":{"rendered":"CLASES PERSONALIZADAS Y ONLINE"},"content":{"rendered":"<style type=\"text\/css\"><\/style>\n<div style=\"height:100px\" aria-hidden=\"true\" class=\"wp-block-spacer\"><\/div>\n\n\n\n<h2 class=\"wp-block-heading has-text-color has-link-color wp-elements-d980a6b5f2152e8652feb5eb96dfe3ee\" style=\"color:#2f265e\">CLASES PERSONALIZADAS ONLINE Y PRESENCIALES<\/h2>\n\n\n\n<h3 class=\"wp-block-heading has-text-color has-link-color wp-elements-68b4d85abd50654639a8c8a1b5ce3e3b\" style=\"color:#8b84b3\">Dinos qu\u00e9 necesitas y nosotros buscamos c\u00f3mo.<\/h3>\n\n\n\n<h3 class=\"wp-block-heading has-text-color has-link-color wp-elements-c24f82f96bdbf2a0e9eea3ff938504e7\" style=\"color:#8b84b3\">A parte de nuestros horarios, tambi\u00e9n disponemos de horas disponibles donde poder personalizar tu clase ya sea particular o grupal, presencial u online.<\/h3>\n\n\n\n<h3 class=\"wp-block-heading has-text-color has-link-color wp-elements-3c2ee94b72d50d71457cb1d94a7b69a5\" style=\"color:#8b84b3\"> Te ayudaremos con todas tus dudas. Inf\u00f3rmate.<\/h3>\n\n\n\n<div class=\"wp-block-uagb-buttons uagb-buttons__outer-wrap uagb-btn__default-btn uagb-btn-tablet__default-btn uagb-btn-mobile__default-btn uagb-block-73417b98\"><div class=\"uagb-buttons__wrap uagb-buttons-layout-wrap \">\n<div class=\"wp-block-uagb-buttons-child uagb-buttons__outer-wrap uagb-block-79b154c7 wp-block-button\"><div class=\"uagb-button__wrapper\"><a class=\"uagb-buttons-repeater wp-block-button__link\" aria-label=\"\" href=\"https:\/\/www.artearrebol.com\/index.php\/contacto\/\" rel=\"follow noopener\" target=\"_self\" role=\"button\"><div class=\"uagb-button__link\">CONTACTO<\/div><\/a><\/div><\/div>\n<\/div><\/div>\n","protected":false},"excerpt":{"rendered":"<p>CLASES PERSONALIZADAS ONLINE Y PRESENCIALES Dinos qu\u00e9 necesitas y nosotros buscamos c\u00f3mo. A parte de nuestros horarios, tambi\u00e9n disponemos de horas disponibles donde poder personalizar tu clase ya sea particular&#8230;<\/p>\n","protected":false},"author":1,"featured_media":0,"parent":0,"menu_order":0,"comment_status":"closed","ping_status":"closed","template":"","meta":{"_coblocks_attr":"","_coblocks_dimensions":"","_coblocks_responsive_height":"","_coblocks_accordion_ie_support":"","content-type":"","_uag_custom_page_level_css":"","_uf_show_specific_survey":0,"_uf_disable_surveys":false,"footnotes":""},"class_list":["post-459","page","type-page","status-publish","hentry"],"yoast_head":"<!-- This site is optimized with the Yoast SEO plugin v27.4 - https:\/\/yoast.com\/product\/yoast-seo-wordpress\/ -->\n<title>CLASES PERSONALIZADAS Y ONLINE<\/title>\n<meta name=\"description\" content=\"CLASES PERSONALIZADAS ONLINE Y PRESENCIALES Dinos qu\u00e9 necesitas y nosotros buscamos c\u00f3mo. A parte de nuestros horarios, tambi\u00e9n disponemos de horas\" \/>\n<meta name=\"robots\" content=\"index, follow, max-snippet:-1, max-image-preview:large, max-video-preview:-1\" \/>\n<link rel=\"canonical\" href=\"https:\/\/www.artearrebol.com\/index.php\/clases-a-medida\/\" \/>\n<meta property=\"og:locale\" content=\"es_ES\" \/>\n<meta property=\"og:type\" content=\"article\" \/>\n<meta property=\"og:title\" content=\"CLASES PERSONALIZADAS Y ONLINE\" \/>\n<meta property=\"og:description\" content=\"CLASES PERSONALIZADAS ONLINE Y PRESENCIALES Dinos qu\u00e9 necesitas y nosotros buscamos c\u00f3mo. A parte de nuestros horarios, tambi\u00e9n disponemos de horas\" \/>\n<meta property=\"og:url\" content=\"https:\/\/www.artearrebol.com\/index.php\/clases-a-medida\/\" \/>\n<meta property=\"article:publisher\" content=\"https:\/\/www.facebook.com\/profile.php?id=61550214574121\" \/>\n<meta property=\"article:modified_time\" content=\"2024-09-10T18:41:07+00:00\" \/>\n<meta name=\"twitter:card\" content=\"summary_large_image\" \/>\n<meta name=\"twitter:label1\" content=\"Tiempo de lectura\" \/>\n\t<meta name=\"twitter:data1\" content=\"1 minuto\" \/>\n<script type=\"application\/ld+json\" class=\"yoast-schema-graph\">{\"@context\":\"https:\\\/\\\/schema.org\",\"@graph\":[{\"@type\":\"WebPage\",\"@id\":\"https:\\\/\\\/www.artearrebol.com\\\/index.php\\\/clases-a-medida\\\/\",\"url\":\"https:\\\/\\\/www.artearrebol.com\\\/index.php\\\/clases-a-medida\\\/\",\"name\":\"CLASES PERSONALIZADAS Y ONLINE\",\"isPartOf\":{\"@id\":\"https:\\\/\\\/www.artearrebol.com\\\/#website\"},\"datePublished\":\"2023-07-25T21:53:48+00:00\",\"dateModified\":\"2024-09-10T18:41:07+00:00\",\"description\":\"CLASES PERSONALIZADAS ONLINE Y PRESENCIALES Dinos qu\u00e9 necesitas y nosotros buscamos c\u00f3mo. A parte de nuestros horarios, tambi\u00e9n disponemos de horas\",\"breadcrumb\":{\"@id\":\"https:\\\/\\\/www.artearrebol.com\\\/index.php\\\/clases-a-medida\\\/#breadcrumb\"},\"inLanguage\":\"es\",\"potentialAction\":[{\"@type\":\"ReadAction\",\"target\":[\"https:\\\/\\\/www.artearrebol.com\\\/index.php\\\/clases-a-medida\\\/\"]}]},{\"@type\":\"BreadcrumbList\",\"@id\":\"https:\\\/\\\/www.artearrebol.com\\\/index.php\\\/clases-a-medida\\\/#breadcrumb\",\"itemListElement\":[{\"@type\":\"ListItem\",\"position\":1,\"name\":\"Portada\",\"item\":\"https:\\\/\\\/www.artearrebol.com\\\/\"},{\"@type\":\"ListItem\",\"position\":2,\"name\":\"CLASES PERSONALIZADAS Y ONLINE\"}]},{\"@type\":\"WebSite\",\"@id\":\"https:\\\/\\\/www.artearrebol.com\\\/#website\",\"url\":\"https:\\\/\\\/www.artearrebol.com\\\/\",\"name\":\"artearrebol.com\",\"description\":\"Escuela de Cante flamenco, Ballet y Baile Flamenco\",\"potentialAction\":[{\"@type\":\"SearchAction\",\"target\":{\"@type\":\"EntryPoint\",\"urlTemplate\":\"https:\\\/\\\/www.artearrebol.com\\\/?s={search_term_string}\"},\"query-input\":{\"@type\":\"PropertyValueSpecification\",\"valueRequired\":true,\"valueName\":\"search_term_string\"}}],\"inLanguage\":\"es\"}]}<\/script>\n<!-- \/ Yoast SEO plugin. -->","yoast_head_json":{"title":"CLASES PERSONALIZADAS Y ONLINE","description":"CLASES PERSONALIZADAS ONLINE Y PRESENCIALES Dinos qu\u00e9 necesitas y nosotros buscamos c\u00f3mo. A parte de nuestros horarios, tambi\u00e9n disponemos de horas","robots":{"index":"index","follow":"follow","max-snippet":"max-snippet:-1","max-image-preview":"max-image-preview:large","max-video-preview":"max-video-preview:-1"},"canonical":"https:\/\/www.artearrebol.com\/index.php\/clases-a-medida\/","og_locale":"es_ES","og_type":"article","og_title":"CLASES PERSONALIZADAS Y ONLINE","og_description":"CLASES PERSONALIZADAS ONLINE Y PRESENCIALES Dinos qu\u00e9 necesitas y nosotros buscamos c\u00f3mo. A parte de nuestros horarios, tambi\u00e9n disponemos de horas","og_url":"https:\/\/www.artearrebol.com\/index.php\/clases-a-medida\/","article_publisher":"https:\/\/www.facebook.com\/profile.php?id=61550214574121","article_modified_time":"2024-09-10T18:41:07+00:00","twitter_card":"summary_large_image","twitter_misc":{"Tiempo de lectura":"1 minuto"},"schema":{"@context":"https:\/\/schema.org","@graph":[{"@type":"WebPage","@id":"https:\/\/www.artearrebol.com\/index.php\/clases-a-medida\/","url":"https:\/\/www.artearrebol.com\/index.php\/clases-a-medida\/","name":"CLASES PERSONALIZADAS Y ONLINE","isPartOf":{"@id":"https:\/\/www.artearrebol.com\/#website"},"datePublished":"2023-07-25T21:53:48+00:00","dateModified":"2024-09-10T18:41:07+00:00","description":"CLASES PERSONALIZADAS ONLINE Y PRESENCIALES Dinos qu\u00e9 necesitas y nosotros buscamos c\u00f3mo. A parte de nuestros horarios, tambi\u00e9n disponemos de horas","breadcrumb":{"@id":"https:\/\/www.artearrebol.com\/index.php\/clases-a-medida\/#breadcrumb"},"inLanguage":"es","potentialAction":[{"@type":"ReadAction","target":["https:\/\/www.artearrebol.com\/index.php\/clases-a-medida\/"]}]},{"@type":"BreadcrumbList","@id":"https:\/\/www.artearrebol.com\/index.php\/clases-a-medida\/#breadcrumb","itemListElement":[{"@type":"ListItem","position":1,"name":"Portada","item":"https:\/\/www.artearrebol.com\/"},{"@type":"ListItem","position":2,"name":"CLASES PERSONALIZADAS Y ONLINE"}]},{"@type":"WebSite","@id":"https:\/\/www.artearrebol.com\/#website","url":"https:\/\/www.artearrebol.com\/","name":"artearrebol.com","description":"Escuela de Cante flamenco, Ballet y Baile Flamenco","potentialAction":[{"@type":"SearchAction","target":{"@type":"EntryPoint","urlTemplate":"https:\/\/www.artearrebol.com\/?s={search_term_string}"},"query-input":{"@type":"PropertyValueSpecification","valueRequired":true,"valueName":"search_term_string"}}],"inLanguage":"es"}]}},"uagb_featured_image_src":{"full":false,"thumbnail":false,"medium":false,"medium_large":false,"large":false,"event-post-thumb":false,"event-post-thumb-box":false,"1536x1536":false,"2048x2048":false,"post-thumbnail":false,"small-thumb":false,"square-thumb":false,"blog-masonry-thumb":false,"project-thumb":false,"project-masonry-thumb":false,"masonry-thumb":false,"full-thumb":false,"project-full-thumb":false,"full-masonry-thumb":false},"uagb_author_info":{"display_name":"admin","author_link":"https:\/\/www.artearrebol.com\/index.php\/author\/admin\/"},"uagb_comment_info":0,"uagb_excerpt":"CLASES PERSONALIZADAS ONLINE Y PRESENCIALES Dinos qu\u00e9 necesitas y nosotros buscamos c\u00f3mo. A parte de nuestros horarios, tambi\u00e9n disponemos de horas disponibles donde poder personalizar tu clase ya sea particular...","_links":{"self":[{"href":"https:\/\/www.artearrebol.com\/index.php\/wp-json\/wp\/v2\/pages\/459","targetHints":{"allow":["GET"]}}],"collection":[{"href":"https:\/\/www.artearrebol.com\/index.php\/wp-json\/wp\/v2\/pages"}],"about":[{"href":"https:\/\/www.artearrebol.com\/index.php\/wp-json\/wp\/v2\/types\/page"}],"author":[{"embeddable":true,"href":"https:\/\/www.artearrebol.com\/index.php\/wp-json\/wp\/v2\/users\/1"}],"replies":[{"embeddable":true,"href":"https:\/\/www.artearrebol.com\/index.php\/wp-json\/wp\/v2\/comments?post=459"}],"version-history":[{"count":11,"href":"https:\/\/www.artearrebol.com\/index.php\/wp-json\/wp\/v2\/pages\/459\/revisions"}],"predecessor-version":[{"id":3283,"href":"https:\/\/www.artearrebol.com\/index.php\/wp-json\/wp\/v2\/pages\/459\/revisions\/3283"}],"wp:attachment":[{"href":"https:\/\/www.artearrebol.com\/index.php\/wp-json\/wp\/v2\/media?parent=459"}],"curies":[{"name":"wp","href":"https:\/\/api.w.org\/{rel}","templated":true}]}}