{"id":415,"date":"2023-07-25T19:34:20","date_gmt":"2023-07-25T19:34:20","guid":{"rendered":"https:\/\/www.artearrebol.com\/?page_id=415"},"modified":"2024-09-10T18:27:17","modified_gmt":"2024-09-10T18:27:17","slug":"ballet-2","status":"publish","type":"page","link":"https:\/\/www.artearrebol.com\/index.php\/ballet-2\/","title":{"rendered":"BALLET"},"content":{"rendered":"<style type=\"text\/css\"><\/style>\n<div style=\"height:83px\" aria-hidden=\"true\" class=\"wp-block-spacer\"><\/div>\n\n\n\n<h2 class=\"wp-block-heading has-text-align-center has-text-color has-link-color has-large-font-size wp-elements-3654edf0757326076a6d42936b1af531\" style=\"color:#2f265e\">BALLET<\/h2>\n\n\n\n<div style=\"height:14px\" aria-hidden=\"true\" class=\"wp-block-spacer\"><\/div>\n\n\n\n<h2 class=\"wp-block-heading has-text-align-center has-text-color has-link-color wp-elements-3fadeae6976aa3a7328e233ab4d6e115\" style=\"color:#2f265e\">BALLET INFANTIL<\/h2>\n\n\n\n<div class=\"wp-block-uagb-container uagb-block-10e79657 alignfull uagb-is-root-container\"><div class=\"uagb-container-inner-blocks-wrap\">\n<div class=\"wp-block-uagb-container uagb-block-2f1bf092\">\n<figure class=\"wp-block-image size-full is-resized\"><img fetchpriority=\"high\" decoding=\"async\" width=\"459\" height=\"544\" src=\"https:\/\/www.artearrebol.com\/wp-content\/uploads\/2023\/07\/bailarina-bebe-rosa-2-1.png\" alt=\"\" class=\"wp-image-541\" style=\"width:149px;height:177px\" srcset=\"https:\/\/www.artearrebol.com\/wp-content\/uploads\/2023\/07\/bailarina-bebe-rosa-2-1.png 459w, https:\/\/www.artearrebol.com\/wp-content\/uploads\/2023\/07\/bailarina-bebe-rosa-2-1-253x300.png 253w\" sizes=\"(max-width: 459px) 100vw, 459px\" \/><\/figure>\n<\/div>\n\n\n\n<div class=\"wp-block-uagb-container uagb-block-95142535\">\n<h3 class=\"wp-block-heading has-text-color has-link-color wp-elements-ef969f6a74c939fcd40cd9bff1f2ae74\" style=\"color:#8b84b3\">PRE BALLET (de 3 a 4 a\u00f1os): Estas clases van dirigidas a los m\u00e1s peques de la casa. A partir de juegos, les introduciremos en el mundo de la danza e ir\u00e1n ganando elasticidad, conciencia corporal, psicomotricidad, musicalidad y ritmo de la manera m\u00e1s divertida. <\/h3>\n<\/div>\n<\/div><\/div>\n\n\n\n<div class=\"wp-block-uagb-container uagb-block-7f979710 alignfull uagb-is-root-container\"><div class=\"uagb-container-inner-blocks-wrap\">\n<div class=\"wp-block-uagb-container uagb-block-c7be290a\">\n<figure class=\"wp-block-image size-full is-resized\"><img decoding=\"async\" width=\"464\" height=\"538\" src=\"https:\/\/www.artearrebol.com\/wp-content\/uploads\/2023\/07\/bailarina-blanco-2-1.png\" alt=\"\" class=\"wp-image-543\" style=\"width:203px;height:235px\" srcset=\"https:\/\/www.artearrebol.com\/wp-content\/uploads\/2023\/07\/bailarina-blanco-2-1.png 464w, https:\/\/www.artearrebol.com\/wp-content\/uploads\/2023\/07\/bailarina-blanco-2-1-259x300.png 259w\" sizes=\"(max-width: 464px) 100vw, 464px\" \/><\/figure>\n<\/div>\n\n\n\n<div class=\"wp-block-uagb-container uagb-block-d207453e\">\n<h3 class=\"wp-block-heading has-text-color has-link-color wp-elements-7f93caac0a1dcbbe6ce2c17cf16c3534\" style=\"color:#8b84b3\">BALLET 1 (de 5 a 8 a\u00f1os): En estas clases introduciremos los pasos b\u00e1sicos del ballet tanto de barra como de centro, intercal\u00e1ndolos con ejercicios de contempor\u00e1neo que, adem\u00e1s de hacer las clases m\u00e1s amenas, les aporta dinamismo y fluidez en el movimiento.<\/h3>\n<\/div>\n<\/div><\/div>\n\n\n\n<div class=\"wp-block-uagb-container uagb-block-87580baf alignfull uagb-is-root-container\"><div class=\"uagb-container-inner-blocks-wrap\">\n<div class=\"wp-block-uagb-container uagb-block-b8fe080b\">\n<figure class=\"wp-block-image size-full is-resized\"><img decoding=\"async\" width=\"410\" height=\"608\" src=\"https:\/\/www.artearrebol.com\/wp-content\/uploads\/2023\/07\/bailarina-azul-2-1.png\" alt=\"\" class=\"wp-image-542\" style=\"width:162px;height:239px\" srcset=\"https:\/\/www.artearrebol.com\/wp-content\/uploads\/2023\/07\/bailarina-azul-2-1.png 410w, https:\/\/www.artearrebol.com\/wp-content\/uploads\/2023\/07\/bailarina-azul-2-1-202x300.png 202w\" sizes=\"(max-width: 410px) 100vw, 410px\" \/><\/figure>\n<\/div>\n\n\n\n<div class=\"wp-block-uagb-container uagb-block-d4f850cf\">\n<h3 class=\"wp-block-heading has-text-color has-link-color wp-elements-5b8f541eeb7fd7a6babe0b45affdb296\" style=\"color:#8b84b3\">BALLET 2 (de 8 a 12 a\u00f1os): En este nivel, el alumno ya sigue la estructura completa de una clase de ballet. Realizando ejercicios de barra, centro, saltos\u2026<\/h3>\n<\/div>\n<\/div><\/div>\n\n\n\n<h2 class=\"wp-block-heading has-text-align-center has-text-color has-link-color wp-elements-fbede09cee9e3057d2cdd0c9c611fadc\" style=\"color:#2f265e\">NIVEL B\u00c1SICO<\/h2>\n\n\n\n<div class=\"wp-block-uagb-container uagb-block-742ccd83 alignfull uagb-is-root-container\"><div class=\"uagb-container-inner-blocks-wrap\">\n<div class=\"wp-block-uagb-container uagb-block-2a755ab9\">\n<figure class=\"wp-block-image size-full is-resized\"><img loading=\"lazy\" decoding=\"async\" width=\"368\" height=\"679\" src=\"https:\/\/www.artearrebol.com\/wp-content\/uploads\/2023\/07\/bailarina-basico-1.png\" alt=\"\" class=\"wp-image-544\" style=\"width:134px;height:247px\" srcset=\"https:\/\/www.artearrebol.com\/wp-content\/uploads\/2023\/07\/bailarina-basico-1.png 368w, https:\/\/www.artearrebol.com\/wp-content\/uploads\/2023\/07\/bailarina-basico-1-163x300.png 163w\" sizes=\"(max-width: 368px) 100vw, 368px\" \/><\/figure>\n<\/div>\n\n\n\n<div class=\"wp-block-uagb-container uagb-block-ec179eef\">\n<h3 class=\"wp-block-heading has-text-color has-link-color wp-elements-db3445320b30e1089fce5c7092b38966\" style=\"color:#8b84b3\">Indicado para los alumnos a partir de 12 a\u00f1os que se inician en el mundo de la danza o alumnos de infantil que quieren seguir aprendiendo.<\/h3>\n<\/div>\n<\/div><\/div>\n\n\n\n<h2 class=\"wp-block-heading has-text-align-center has-text-color has-link-color wp-elements-102f08d9f1f817c5698498ae5b299544\" style=\"color:#2f265e\">NIVEL INTERM\u00c9DIO<\/h2>\n\n\n\n<div class=\"wp-block-uagb-container uagb-block-e5dcc9cf alignfull uagb-is-root-container\"><div class=\"uagb-container-inner-blocks-wrap\">\n<div class=\"wp-block-uagb-container uagb-block-9a7927db\">\n<figure class=\"wp-block-image size-full is-resized\"><img loading=\"lazy\" decoding=\"async\" width=\"508\" height=\"491\" src=\"https:\/\/www.artearrebol.com\/wp-content\/uploads\/2023\/07\/bailerina-negro.png\" alt=\"\" class=\"wp-image-547\" style=\"width:237px;height:229px\" srcset=\"https:\/\/www.artearrebol.com\/wp-content\/uploads\/2023\/07\/bailerina-negro.png 508w, https:\/\/www.artearrebol.com\/wp-content\/uploads\/2023\/07\/bailerina-negro-300x290.png 300w\" sizes=\"(max-width: 508px) 100vw, 508px\" \/><\/figure>\n<\/div>\n\n\n\n<div class=\"wp-block-uagb-container uagb-block-c07ca3c0\">\n<h3 class=\"wp-block-heading has-text-align-left has-text-color has-link-color wp-elements-e700b6ca7721890cddcb305b1a26b457\" style=\"color:#8b84b3\">Indicado para alumnos que ya tienen buena base de ballet y quieren seguir mejorando.<\/h3>\n<\/div>\n<\/div><\/div>\n\n\n\n<h2 class=\"wp-block-heading has-text-align-center has-text-color has-link-color wp-elements-31671b9ffea45375038f0c15355354a2\" style=\"color:#2f265e\">BALLET PARA ADULTOS<\/h2>\n\n\n\n<h3 class=\"wp-block-heading has-text-color has-link-color wp-elements-4c7e47fb1ad707c248985e809fe81680\" style=\"color:#8b84b3\">Clases dirigidas a todas aquellas personas que quieran disfrutar de los beneficios de la danza, sin necesidad de tener conocimientos previos. Simplemente porque nos gusta bailar y todos podemos hacerlo.<\/h3>\n\n\n\n<div class=\"wp-block-uagb-container uagb-block-46e794dd alignfull uagb-is-root-container\"><div class=\"uagb-container-inner-blocks-wrap\">\n<div class=\"wp-block-uagb-container uagb-block-ff8c48de\">\n<div class=\"wp-block-uagb-buttons uagb-buttons__outer-wrap uagb-btn__default-btn uagb-btn-tablet__default-btn uagb-btn-mobile__default-btn uagb-block-0ad1ca38\"><div class=\"uagb-buttons__wrap uagb-buttons-layout-wrap \">\n<div class=\"wp-block-uagb-buttons-child uagb-buttons__outer-wrap uagb-block-14657b6f wp-block-button\"><div class=\"uagb-button__wrapper\"><a class=\"uagb-buttons-repeater wp-block-button__link\" aria-label=\"\" href=\"https:\/\/www.artearrebol.com\/index.php\/contacto\/\" rel=\"follow noopener\" target=\"_self\" role=\"button\"><div class=\"uagb-button__link\">reservar MI plaza<\/div><\/a><\/div><\/div>\n<\/div><\/div>\n<\/div>\n\n\n\n<div class=\"wp-block-uagb-container uagb-block-dd4f001f\">\n<h3 class=\"wp-block-heading has-text-align-center has-text-color has-link-color wp-elements-151a6feb8784a294be571d429df3f43a\" style=\"color:#2f265e\"><a href=\"https:\/\/www.artearrebol.com\/index.php\/horarios-y-precios\/\">Horario<\/a><\/h3>\n<\/div>\n<\/div><\/div>\n","protected":false},"excerpt":{"rendered":"<p>BALLET BALLET INFANTIL PRE BALLET (de 3 a 4 a\u00f1os): Estas clases van dirigidas a los m\u00e1s peques de la casa. A partir de juegos, les introduciremos en el mundo&#8230;<\/p>\n","protected":false},"author":1,"featured_media":0,"parent":0,"menu_order":0,"comment_status":"closed","ping_status":"closed","template":"","meta":{"_coblocks_attr":"","_coblocks_dimensions":"","_coblocks_responsive_height":"","_coblocks_accordion_ie_support":"","content-type":"","_uag_custom_page_level_css":"","_uf_show_specific_survey":0,"_uf_disable_surveys":false,"footnotes":""},"class_list":["post-415","page","type-page","status-publish","hentry"],"yoast_head":"<!-- This site is optimized with the Yoast SEO plugin v27.4 - https:\/\/yoast.com\/product\/yoast-seo-wordpress\/ -->\n<title>BALLET<\/title>\n<meta name=\"description\" content=\"BALLET BALLET INFANTIL PRE BALLET (de 3 a 4 a\u00f1os): Estas clases van dirigidas a los m\u00e1s peques de la casa. A partir de juegos, les introduciremos en el\" \/>\n<meta name=\"robots\" content=\"index, follow, max-snippet:-1, max-image-preview:large, max-video-preview:-1\" \/>\n<link rel=\"canonical\" href=\"https:\/\/www.artearrebol.com\/index.php\/ballet-2\/\" \/>\n<meta property=\"og:locale\" content=\"es_ES\" \/>\n<meta property=\"og:type\" content=\"article\" \/>\n<meta property=\"og:title\" content=\"BALLET\" \/>\n<meta property=\"og:description\" content=\"BALLET BALLET INFANTIL PRE BALLET (de 3 a 4 a\u00f1os): Estas clases van dirigidas a los m\u00e1s peques de la casa. A partir de juegos, les introduciremos en el\" \/>\n<meta property=\"og:url\" content=\"https:\/\/www.artearrebol.com\/index.php\/ballet-2\/\" \/>\n<meta property=\"article:publisher\" content=\"https:\/\/www.facebook.com\/profile.php?id=61550214574121\" \/>\n<meta property=\"article:modified_time\" content=\"2024-09-10T18:27:17+00:00\" \/>\n<meta property=\"og:image\" content=\"https:\/\/www.artearrebol.com\/wp-content\/uploads\/2023\/07\/bailarina-bebe-rosa-2-1.png\" \/>\n<meta name=\"twitter:card\" content=\"summary_large_image\" \/>\n<meta name=\"twitter:label1\" content=\"Tiempo de lectura\" \/>\n\t<meta name=\"twitter:data1\" content=\"2 minutos\" \/>\n<script type=\"application\/ld+json\" class=\"yoast-schema-graph\">{\"@context\":\"https:\\\/\\\/schema.org\",\"@graph\":[{\"@type\":\"WebPage\",\"@id\":\"https:\\\/\\\/www.artearrebol.com\\\/index.php\\\/ballet-2\\\/\",\"url\":\"https:\\\/\\\/www.artearrebol.com\\\/index.php\\\/ballet-2\\\/\",\"name\":\"BALLET\",\"isPartOf\":{\"@id\":\"https:\\\/\\\/www.artearrebol.com\\\/#website\"},\"primaryImageOfPage\":{\"@id\":\"https:\\\/\\\/www.artearrebol.com\\\/index.php\\\/ballet-2\\\/#primaryimage\"},\"image\":{\"@id\":\"https:\\\/\\\/www.artearrebol.com\\\/index.php\\\/ballet-2\\\/#primaryimage\"},\"thumbnailUrl\":\"https:\\\/\\\/www.artearrebol.com\\\/wp-content\\\/uploads\\\/2023\\\/07\\\/bailarina-bebe-rosa-2-1.png\",\"datePublished\":\"2023-07-25T19:34:20+00:00\",\"dateModified\":\"2024-09-10T18:27:17+00:00\",\"description\":\"BALLET BALLET INFANTIL PRE BALLET (de 3 a 4 a\u00f1os): Estas clases van dirigidas a los m\u00e1s peques de la casa. A partir de juegos, les introduciremos en el\",\"breadcrumb\":{\"@id\":\"https:\\\/\\\/www.artearrebol.com\\\/index.php\\\/ballet-2\\\/#breadcrumb\"},\"inLanguage\":\"es\",\"potentialAction\":[{\"@type\":\"ReadAction\",\"target\":[\"https:\\\/\\\/www.artearrebol.com\\\/index.php\\\/ballet-2\\\/\"]}]},{\"@type\":\"ImageObject\",\"inLanguage\":\"es\",\"@id\":\"https:\\\/\\\/www.artearrebol.com\\\/index.php\\\/ballet-2\\\/#primaryimage\",\"url\":\"https:\\\/\\\/www.artearrebol.com\\\/wp-content\\\/uploads\\\/2023\\\/07\\\/bailarina-bebe-rosa-2-1.png\",\"contentUrl\":\"https:\\\/\\\/www.artearrebol.com\\\/wp-content\\\/uploads\\\/2023\\\/07\\\/bailarina-bebe-rosa-2-1.png\",\"width\":459,\"height\":544},{\"@type\":\"BreadcrumbList\",\"@id\":\"https:\\\/\\\/www.artearrebol.com\\\/index.php\\\/ballet-2\\\/#breadcrumb\",\"itemListElement\":[{\"@type\":\"ListItem\",\"position\":1,\"name\":\"Portada\",\"item\":\"https:\\\/\\\/www.artearrebol.com\\\/\"},{\"@type\":\"ListItem\",\"position\":2,\"name\":\"BALLET\"}]},{\"@type\":\"WebSite\",\"@id\":\"https:\\\/\\\/www.artearrebol.com\\\/#website\",\"url\":\"https:\\\/\\\/www.artearrebol.com\\\/\",\"name\":\"artearrebol.com\",\"description\":\"Escuela de Cante flamenco, Ballet y Baile Flamenco\",\"potentialAction\":[{\"@type\":\"SearchAction\",\"target\":{\"@type\":\"EntryPoint\",\"urlTemplate\":\"https:\\\/\\\/www.artearrebol.com\\\/?s={search_term_string}\"},\"query-input\":{\"@type\":\"PropertyValueSpecification\",\"valueRequired\":true,\"valueName\":\"search_term_string\"}}],\"inLanguage\":\"es\"}]}<\/script>\n<!-- \/ Yoast SEO plugin. -->","yoast_head_json":{"title":"BALLET","description":"BALLET BALLET INFANTIL PRE BALLET (de 3 a 4 a\u00f1os): Estas clases van dirigidas a los m\u00e1s peques de la casa. A partir de juegos, les introduciremos en el","robots":{"index":"index","follow":"follow","max-snippet":"max-snippet:-1","max-image-preview":"max-image-preview:large","max-video-preview":"max-video-preview:-1"},"canonical":"https:\/\/www.artearrebol.com\/index.php\/ballet-2\/","og_locale":"es_ES","og_type":"article","og_title":"BALLET","og_description":"BALLET BALLET INFANTIL PRE BALLET (de 3 a 4 a\u00f1os): Estas clases van dirigidas a los m\u00e1s peques de la casa. A partir de juegos, les introduciremos en el","og_url":"https:\/\/www.artearrebol.com\/index.php\/ballet-2\/","article_publisher":"https:\/\/www.facebook.com\/profile.php?id=61550214574121","article_modified_time":"2024-09-10T18:27:17+00:00","og_image":[{"url":"https:\/\/www.artearrebol.com\/wp-content\/uploads\/2023\/07\/bailarina-bebe-rosa-2-1.png","type":"","width":"","height":""}],"twitter_card":"summary_large_image","twitter_misc":{"Tiempo de lectura":"2 minutos"},"schema":{"@context":"https:\/\/schema.org","@graph":[{"@type":"WebPage","@id":"https:\/\/www.artearrebol.com\/index.php\/ballet-2\/","url":"https:\/\/www.artearrebol.com\/index.php\/ballet-2\/","name":"BALLET","isPartOf":{"@id":"https:\/\/www.artearrebol.com\/#website"},"primaryImageOfPage":{"@id":"https:\/\/www.artearrebol.com\/index.php\/ballet-2\/#primaryimage"},"image":{"@id":"https:\/\/www.artearrebol.com\/index.php\/ballet-2\/#primaryimage"},"thumbnailUrl":"https:\/\/www.artearrebol.com\/wp-content\/uploads\/2023\/07\/bailarina-bebe-rosa-2-1.png","datePublished":"2023-07-25T19:34:20+00:00","dateModified":"2024-09-10T18:27:17+00:00","description":"BALLET BALLET INFANTIL PRE BALLET (de 3 a 4 a\u00f1os): Estas clases van dirigidas a los m\u00e1s peques de la casa. A partir de juegos, les introduciremos en el","breadcrumb":{"@id":"https:\/\/www.artearrebol.com\/index.php\/ballet-2\/#breadcrumb"},"inLanguage":"es","potentialAction":[{"@type":"ReadAction","target":["https:\/\/www.artearrebol.com\/index.php\/ballet-2\/"]}]},{"@type":"ImageObject","inLanguage":"es","@id":"https:\/\/www.artearrebol.com\/index.php\/ballet-2\/#primaryimage","url":"https:\/\/www.artearrebol.com\/wp-content\/uploads\/2023\/07\/bailarina-bebe-rosa-2-1.png","contentUrl":"https:\/\/www.artearrebol.com\/wp-content\/uploads\/2023\/07\/bailarina-bebe-rosa-2-1.png","width":459,"height":544},{"@type":"BreadcrumbList","@id":"https:\/\/www.artearrebol.com\/index.php\/ballet-2\/#breadcrumb","itemListElement":[{"@type":"ListItem","position":1,"name":"Portada","item":"https:\/\/www.artearrebol.com\/"},{"@type":"ListItem","position":2,"name":"BALLET"}]},{"@type":"WebSite","@id":"https:\/\/www.artearrebol.com\/#website","url":"https:\/\/www.artearrebol.com\/","name":"artearrebol.com","description":"Escuela de Cante flamenco, Ballet y Baile Flamenco","potentialAction":[{"@type":"SearchAction","target":{"@type":"EntryPoint","urlTemplate":"https:\/\/www.artearrebol.com\/?s={search_term_string}"},"query-input":{"@type":"PropertyValueSpecification","valueRequired":true,"valueName":"search_term_string"}}],"inLanguage":"es"}]}},"uagb_featured_image_src":{"full":false,"thumbnail":false,"medium":false,"medium_large":false,"large":false,"event-post-thumb":false,"event-post-thumb-box":false,"1536x1536":false,"2048x2048":false,"post-thumbnail":false,"small-thumb":false,"square-thumb":false,"blog-masonry-thumb":false,"project-thumb":false,"project-masonry-thumb":false,"masonry-thumb":false,"full-thumb":false,"project-full-thumb":false,"full-masonry-thumb":false},"uagb_author_info":{"display_name":"admin","author_link":"https:\/\/www.artearrebol.com\/index.php\/author\/admin\/"},"uagb_comment_info":0,"uagb_excerpt":"BALLET BALLET INFANTIL PRE BALLET (de 3 a 4 a\u00f1os): Estas clases van dirigidas a los m\u00e1s peques de la casa. A partir de juegos, les introduciremos en el mundo...","_links":{"self":[{"href":"https:\/\/www.artearrebol.com\/index.php\/wp-json\/wp\/v2\/pages\/415","targetHints":{"allow":["GET"]}}],"collection":[{"href":"https:\/\/www.artearrebol.com\/index.php\/wp-json\/wp\/v2\/pages"}],"about":[{"href":"https:\/\/www.artearrebol.com\/index.php\/wp-json\/wp\/v2\/types\/page"}],"author":[{"embeddable":true,"href":"https:\/\/www.artearrebol.com\/index.php\/wp-json\/wp\/v2\/users\/1"}],"replies":[{"embeddable":true,"href":"https:\/\/www.artearrebol.com\/index.php\/wp-json\/wp\/v2\/comments?post=415"}],"version-history":[{"count":24,"href":"https:\/\/www.artearrebol.com\/index.php\/wp-json\/wp\/v2\/pages\/415\/revisions"}],"predecessor-version":[{"id":3266,"href":"https:\/\/www.artearrebol.com\/index.php\/wp-json\/wp\/v2\/pages\/415\/revisions\/3266"}],"wp:attachment":[{"href":"https:\/\/www.artearrebol.com\/index.php\/wp-json\/wp\/v2\/media?parent=415"}],"curies":[{"name":"wp","href":"https:\/\/api.w.org\/{rel}","templated":true}]}}