{"id":394,"date":"2023-07-25T18:18:52","date_gmt":"2023-07-25T18:18:52","guid":{"rendered":"https:\/\/www.artearrebol.com\/?page_id=394"},"modified":"2024-02-02T22:02:46","modified_gmt":"2024-02-02T22:02:46","slug":"cante-flamenco","status":"publish","type":"page","link":"https:\/\/www.artearrebol.com\/index.php\/cante-flamenco\/","title":{"rendered":"CANTE FLAMENCO"},"content":{"rendered":"<style type=\"text\/css\"><\/style>\n<div class=\"wp-block-spacer\" style=\"height: 100px;\" aria-hidden=\"true\">\u00a0<\/div>\n\n\n\n<h2 class=\"wp-block-heading has-text-align-left has-color-2-color has-text-color has-link-color has-large-font-size wp-elements-3588ba9d993c74e1a7a01b8f6d24ad15\">CANTE FLAMENCO GRUPAL (ONLINE Y PRESENCIAL)<\/h2>\n\n\n\n<div class=\"wp-block-uagb-container uagb-block-fac33ddc alignfull uagb-is-root-container\"><div class=\"uagb-container-inner-blocks-wrap\">\n<div class=\"wp-block-uagb-container uagb-block-bcb172c6\">\n<figure class=\"wp-block-image size-medium is-resized\"><img fetchpriority=\"high\" decoding=\"async\" width=\"300\" height=\"200\" src=\"https:\/\/www.artearrebol.com\/wp-content\/uploads\/2023\/08\/C8A3770-2-300x200.jpg\" alt=\"\" class=\"wp-image-588\" style=\"object-fit:contain;width:445px;height:297px\" srcset=\"https:\/\/www.artearrebol.com\/wp-content\/uploads\/2023\/08\/C8A3770-2-300x200.jpg 300w, https:\/\/www.artearrebol.com\/wp-content\/uploads\/2023\/08\/C8A3770-2-1024x683.jpg 1024w, https:\/\/www.artearrebol.com\/wp-content\/uploads\/2023\/08\/C8A3770-2-768x512.jpg 768w, https:\/\/www.artearrebol.com\/wp-content\/uploads\/2023\/08\/C8A3770-2-1536x1025.jpg 1536w, https:\/\/www.artearrebol.com\/wp-content\/uploads\/2023\/08\/C8A3770-2-2048x1367.jpg 2048w, https:\/\/www.artearrebol.com\/wp-content\/uploads\/2023\/08\/C8A3770-2-580x387.jpg 580w, https:\/\/www.artearrebol.com\/wp-content\/uploads\/2023\/08\/C8A3770-2-820x547.jpg 820w, https:\/\/www.artearrebol.com\/wp-content\/uploads\/2023\/08\/C8A3770-2-1160x774.jpg 1160w\" sizes=\"(max-width: 300px) 100vw, 300px\" \/><\/figure>\n<\/div>\n\n\n\n<div class=\"wp-block-uagb-container uagb-block-95dd8689\">\n<h3 class=\"wp-block-heading has-text-color has-link-color wp-elements-a4cb2c6062d78659f33146667b71dab7\" style=\"color:#b20054\">Las clases grupales de cante flamenco constar\u00e1n de 1 hora y media. Haremos 30 minutos de t\u00e9cnica vocal, que ser\u00e1 necesaria para prevenir lesiones, calentar la voz y tener m\u00e1s conocimiento y control sobre nuestro sistema fonador. A continuaci\u00f3n, daremos una hora de estilos donde cogeremos las bases de los cantaor@s m\u00e1s fiables que dejaron huella en la historia, analizando su forma y esencia y adquiriendo sus recursos para hacerlos nuestros y adaptarlos a nuestra personalidad.<\/h3>\n<\/div>\n<\/div><\/div>\n\n\n\n<div class=\"wp-block-uagb-container uagb-block-44701904 alignfull uagb-is-root-container\"><div class=\"uagb-container-inner-blocks-wrap\">\n<div class=\"wp-block-uagb-container uagb-block-46d25e17\">\n<div class=\"wp-block-uagb-buttons uagb-buttons__outer-wrap uagb-btn__default-btn uagb-btn-tablet__default-btn uagb-btn-mobile__default-btn uagb-block-bb4e885f\"><div class=\"uagb-buttons__wrap uagb-buttons-layout-wrap\">\n<div class=\"wp-block-uagb-buttons-child uagb-buttons__outer-wrap uagb-block-573415e2 wp-block-button\"><div class=\"uagb-button__wrapper\"><a class=\"uagb-buttons-repeater wp-block-button__link\" href=\"https:\/\/www.artearrebol.com\/index.php\/contacto\/\" onclick=\"return true;\" rel=\"follow noopener\" target=\"_self\"><div class=\"uagb-button__link\">reservar mi plaza<\/div><\/a><\/div><\/div>\n<\/div><\/div>\n<\/div>\n\n\n\n<div class=\"wp-block-uagb-container uagb-block-db36ccae\">\n<h3 class=\"wp-block-heading has-text-align-center\"><a href=\"https:\/\/www.artearrebol.com\/index.php\/horarios-y-precios\/\">Horarios<\/a><\/h3>\n<\/div>\n<\/div><\/div>\n","protected":false},"excerpt":{"rendered":"<p>CANTE FLAMENCO GRUPAL (ONLINE Y PRESENCIAL) Las clases grupales de cante flamenco constar\u00e1n de 1 hora y media. Haremos 30 minutos de t\u00e9cnica vocal, que ser\u00e1 necesaria para prevenir lesiones,&#8230;<\/p>\n","protected":false},"author":1,"featured_media":0,"parent":0,"menu_order":0,"comment_status":"closed","ping_status":"closed","template":"","meta":{"_coblocks_attr":"","_coblocks_dimensions":"","_coblocks_responsive_height":"","_coblocks_accordion_ie_support":"","content-type":"","_uag_custom_page_level_css":"","_uf_show_specific_survey":0,"_uf_disable_surveys":false,"footnotes":""},"class_list":["post-394","page","type-page","status-publish","hentry"],"yoast_head":"<!-- This site is optimized with the Yoast SEO plugin v27.6 - https:\/\/yoast.com\/product\/yoast-seo-wordpress\/ -->\n<title>CANTE FLAMENCO<\/title>\n<meta name=\"description\" content=\"\u00a0 CANTE FLAMENCO GRUPAL (ONLINE Y PRESENCIAL) Las clases grupales de cante flamenco constar\u00e1n de 1 hora y media. Haremos 30 minutos de t\u00e9cnica vocal, que\" \/>\n<meta name=\"robots\" content=\"index, follow, max-snippet:-1, max-image-preview:large, max-video-preview:-1\" \/>\n<link rel=\"canonical\" href=\"https:\/\/www.artearrebol.com\/index.php\/cante-flamenco\/\" \/>\n<meta property=\"og:locale\" content=\"es_ES\" \/>\n<meta property=\"og:type\" content=\"article\" \/>\n<meta property=\"og:title\" content=\"CANTE FLAMENCO\" \/>\n<meta property=\"og:description\" content=\"\u00a0 CANTE FLAMENCO GRUPAL (ONLINE Y PRESENCIAL) Las clases grupales de cante flamenco constar\u00e1n de 1 hora y media. Haremos 30 minutos de t\u00e9cnica vocal, que\" \/>\n<meta property=\"og:url\" content=\"https:\/\/www.artearrebol.com\/index.php\/cante-flamenco\/\" \/>\n<meta property=\"article:publisher\" content=\"https:\/\/www.facebook.com\/profile.php?id=61550214574121\" \/>\n<meta property=\"article:modified_time\" content=\"2024-02-02T22:02:46+00:00\" \/>\n<meta property=\"og:image\" content=\"https:\/\/www.artearrebol.com\/wp-content\/uploads\/2023\/08\/C8A3770-2-300x200.jpg\" \/>\n<meta name=\"twitter:card\" content=\"summary_large_image\" \/>\n<meta name=\"twitter:label1\" content=\"Tiempo de lectura\" \/>\n\t<meta name=\"twitter:data1\" content=\"1 minuto\" \/>\n<script type=\"application\/ld+json\" class=\"yoast-schema-graph\">{\"@context\":\"https:\\\/\\\/schema.org\",\"@graph\":[{\"@type\":\"WebPage\",\"@id\":\"https:\\\/\\\/www.artearrebol.com\\\/index.php\\\/cante-flamenco\\\/\",\"url\":\"https:\\\/\\\/www.artearrebol.com\\\/index.php\\\/cante-flamenco\\\/\",\"name\":\"CANTE FLAMENCO\",\"isPartOf\":{\"@id\":\"https:\\\/\\\/www.artearrebol.com\\\/#website\"},\"primaryImageOfPage\":{\"@id\":\"https:\\\/\\\/www.artearrebol.com\\\/index.php\\\/cante-flamenco\\\/#primaryimage\"},\"image\":{\"@id\":\"https:\\\/\\\/www.artearrebol.com\\\/index.php\\\/cante-flamenco\\\/#primaryimage\"},\"thumbnailUrl\":\"https:\\\/\\\/www.artearrebol.com\\\/wp-content\\\/uploads\\\/2023\\\/08\\\/C8A3770-2-300x200.jpg\",\"datePublished\":\"2023-07-25T18:18:52+00:00\",\"dateModified\":\"2024-02-02T22:02:46+00:00\",\"description\":\"\u00a0 CANTE FLAMENCO GRUPAL (ONLINE Y PRESENCIAL) Las clases grupales de cante flamenco constar\u00e1n de 1 hora y media. Haremos 30 minutos de t\u00e9cnica vocal, que\",\"breadcrumb\":{\"@id\":\"https:\\\/\\\/www.artearrebol.com\\\/index.php\\\/cante-flamenco\\\/#breadcrumb\"},\"inLanguage\":\"es\",\"potentialAction\":[{\"@type\":\"ReadAction\",\"target\":[\"https:\\\/\\\/www.artearrebol.com\\\/index.php\\\/cante-flamenco\\\/\"]}]},{\"@type\":\"ImageObject\",\"inLanguage\":\"es\",\"@id\":\"https:\\\/\\\/www.artearrebol.com\\\/index.php\\\/cante-flamenco\\\/#primaryimage\",\"url\":\"https:\\\/\\\/www.artearrebol.com\\\/wp-content\\\/uploads\\\/2023\\\/08\\\/C8A3770-2-scaled.jpg\",\"contentUrl\":\"https:\\\/\\\/www.artearrebol.com\\\/wp-content\\\/uploads\\\/2023\\\/08\\\/C8A3770-2-scaled.jpg\",\"width\":2560,\"height\":1708},{\"@type\":\"BreadcrumbList\",\"@id\":\"https:\\\/\\\/www.artearrebol.com\\\/index.php\\\/cante-flamenco\\\/#breadcrumb\",\"itemListElement\":[{\"@type\":\"ListItem\",\"position\":1,\"name\":\"Portada\",\"item\":\"https:\\\/\\\/www.artearrebol.com\\\/\"},{\"@type\":\"ListItem\",\"position\":2,\"name\":\"CANTE FLAMENCO\"}]},{\"@type\":\"WebSite\",\"@id\":\"https:\\\/\\\/www.artearrebol.com\\\/#website\",\"url\":\"https:\\\/\\\/www.artearrebol.com\\\/\",\"name\":\"artearrebol.com\",\"description\":\"Escuela de Cante flamenco, Ballet y Baile Flamenco\",\"potentialAction\":[{\"@type\":\"SearchAction\",\"target\":{\"@type\":\"EntryPoint\",\"urlTemplate\":\"https:\\\/\\\/www.artearrebol.com\\\/?s={search_term_string}\"},\"query-input\":{\"@type\":\"PropertyValueSpecification\",\"valueRequired\":true,\"valueName\":\"search_term_string\"}}],\"inLanguage\":\"es\"}]}<\/script>\n<!-- \/ Yoast SEO plugin. -->","yoast_head_json":{"title":"CANTE FLAMENCO","description":"\u00a0 CANTE FLAMENCO GRUPAL (ONLINE Y PRESENCIAL) Las clases grupales de cante flamenco constar\u00e1n de 1 hora y media. Haremos 30 minutos de t\u00e9cnica vocal, que","robots":{"index":"index","follow":"follow","max-snippet":"max-snippet:-1","max-image-preview":"max-image-preview:large","max-video-preview":"max-video-preview:-1"},"canonical":"https:\/\/www.artearrebol.com\/index.php\/cante-flamenco\/","og_locale":"es_ES","og_type":"article","og_title":"CANTE FLAMENCO","og_description":"\u00a0 CANTE FLAMENCO GRUPAL (ONLINE Y PRESENCIAL) Las clases grupales de cante flamenco constar\u00e1n de 1 hora y media. Haremos 30 minutos de t\u00e9cnica vocal, que","og_url":"https:\/\/www.artearrebol.com\/index.php\/cante-flamenco\/","article_publisher":"https:\/\/www.facebook.com\/profile.php?id=61550214574121","article_modified_time":"2024-02-02T22:02:46+00:00","og_image":[{"url":"https:\/\/www.artearrebol.com\/wp-content\/uploads\/2023\/08\/C8A3770-2-300x200.jpg","type":"","width":"","height":""}],"twitter_card":"summary_large_image","twitter_misc":{"Tiempo de lectura":"1 minuto"},"schema":{"@context":"https:\/\/schema.org","@graph":[{"@type":"WebPage","@id":"https:\/\/www.artearrebol.com\/index.php\/cante-flamenco\/","url":"https:\/\/www.artearrebol.com\/index.php\/cante-flamenco\/","name":"CANTE FLAMENCO","isPartOf":{"@id":"https:\/\/www.artearrebol.com\/#website"},"primaryImageOfPage":{"@id":"https:\/\/www.artearrebol.com\/index.php\/cante-flamenco\/#primaryimage"},"image":{"@id":"https:\/\/www.artearrebol.com\/index.php\/cante-flamenco\/#primaryimage"},"thumbnailUrl":"https:\/\/www.artearrebol.com\/wp-content\/uploads\/2023\/08\/C8A3770-2-300x200.jpg","datePublished":"2023-07-25T18:18:52+00:00","dateModified":"2024-02-02T22:02:46+00:00","description":"\u00a0 CANTE FLAMENCO GRUPAL (ONLINE Y PRESENCIAL) Las clases grupales de cante flamenco constar\u00e1n de 1 hora y media. Haremos 30 minutos de t\u00e9cnica vocal, que","breadcrumb":{"@id":"https:\/\/www.artearrebol.com\/index.php\/cante-flamenco\/#breadcrumb"},"inLanguage":"es","potentialAction":[{"@type":"ReadAction","target":["https:\/\/www.artearrebol.com\/index.php\/cante-flamenco\/"]}]},{"@type":"ImageObject","inLanguage":"es","@id":"https:\/\/www.artearrebol.com\/index.php\/cante-flamenco\/#primaryimage","url":"https:\/\/www.artearrebol.com\/wp-content\/uploads\/2023\/08\/C8A3770-2-scaled.jpg","contentUrl":"https:\/\/www.artearrebol.com\/wp-content\/uploads\/2023\/08\/C8A3770-2-scaled.jpg","width":2560,"height":1708},{"@type":"BreadcrumbList","@id":"https:\/\/www.artearrebol.com\/index.php\/cante-flamenco\/#breadcrumb","itemListElement":[{"@type":"ListItem","position":1,"name":"Portada","item":"https:\/\/www.artearrebol.com\/"},{"@type":"ListItem","position":2,"name":"CANTE FLAMENCO"}]},{"@type":"WebSite","@id":"https:\/\/www.artearrebol.com\/#website","url":"https:\/\/www.artearrebol.com\/","name":"artearrebol.com","description":"Escuela de Cante flamenco, Ballet y Baile Flamenco","potentialAction":[{"@type":"SearchAction","target":{"@type":"EntryPoint","urlTemplate":"https:\/\/www.artearrebol.com\/?s={search_term_string}"},"query-input":{"@type":"PropertyValueSpecification","valueRequired":true,"valueName":"search_term_string"}}],"inLanguage":"es"}]}},"uagb_featured_image_src":{"full":false,"thumbnail":false,"medium":false,"medium_large":false,"large":false,"event-post-thumb":false,"event-post-thumb-box":false,"1536x1536":false,"2048x2048":false,"post-thumbnail":false,"small-thumb":false,"square-thumb":false,"blog-masonry-thumb":false,"project-thumb":false,"project-masonry-thumb":false,"masonry-thumb":false,"full-thumb":false,"project-full-thumb":false,"full-masonry-thumb":false},"uagb_author_info":{"display_name":"admin","author_link":"https:\/\/www.artearrebol.com\/index.php\/author\/admin\/"},"uagb_comment_info":0,"uagb_excerpt":"CANTE FLAMENCO GRUPAL (ONLINE Y PRESENCIAL) Las clases grupales de cante flamenco constar\u00e1n de 1 hora y media. Haremos 30 minutos de t\u00e9cnica vocal, que ser\u00e1 necesaria para prevenir lesiones,...","_links":{"self":[{"href":"https:\/\/www.artearrebol.com\/index.php\/wp-json\/wp\/v2\/pages\/394","targetHints":{"allow":["GET"]}}],"collection":[{"href":"https:\/\/www.artearrebol.com\/index.php\/wp-json\/wp\/v2\/pages"}],"about":[{"href":"https:\/\/www.artearrebol.com\/index.php\/wp-json\/wp\/v2\/types\/page"}],"author":[{"embeddable":true,"href":"https:\/\/www.artearrebol.com\/index.php\/wp-json\/wp\/v2\/users\/1"}],"replies":[{"embeddable":true,"href":"https:\/\/www.artearrebol.com\/index.php\/wp-json\/wp\/v2\/comments?post=394"}],"version-history":[{"count":46,"href":"https:\/\/www.artearrebol.com\/index.php\/wp-json\/wp\/v2\/pages\/394\/revisions"}],"predecessor-version":[{"id":2998,"href":"https:\/\/www.artearrebol.com\/index.php\/wp-json\/wp\/v2\/pages\/394\/revisions\/2998"}],"wp:attachment":[{"href":"https:\/\/www.artearrebol.com\/index.php\/wp-json\/wp\/v2\/media?parent=394"}],"curies":[{"name":"wp","href":"https:\/\/api.w.org\/{rel}","templated":true}]}}